{"id":241,"date":"2024-03-15T14:06:47","date_gmt":"2024-03-15T14:06:47","guid":{"rendered":"https:\/\/hermanomiguelquito.lasalleweb.ec\/?page_id=241"},"modified":"2025-11-20T17:43:40","modified_gmt":"2025-11-20T17:43:40","slug":"galeria","status":"publish","type":"page","link":"https:\/\/hermanomiguelquito.lasalleweb.ec\/?page_id=241","title":{"rendered":"Galer\u00eda"},"content":{"rendered":"\n<p>En la <strong>Unidad Educativa Hermano Miguel La Salle Quito<\/strong>, nuestra misi\u00f3n trasciende la ense\u00f1anza acad\u00e9mica al fundamentar la formaci\u00f3n integral de nuestros estudiantes en los s\u00f3lidos valores de la <strong>Fe, la Fraternidad, el compromiso, la justicia y el Servicio<\/strong>, que promueven el respeto, la disciplina y la superaci\u00f3n constante en toda nuestra comunidad. <strong>Para conectar con esta rica tradici\u00f3n<\/strong> y mantener vivo el esp\u00edritu de nuestra identidad lasallista, i<strong>nvitamos a toda la familia Miguelina a explorar con nostalgia y orgullo las fotograf\u00edas y recuerdos que atesoramos,<\/strong> reviviendo la esencia de la historia que, d\u00eda a d\u00eda, continuamos escribiendo juntos bajo el legado de San Juan Bautista de La Salle.<\/p>\n","protected":false},"excerpt":{"rendered":"<p>En la Unidad Educativa Hermano Miguel La Salle Quito, nuestra misi\u00f3n trasciende la ense\u00f1anza acad\u00e9mica al fundamentar la formaci\u00f3n integral de nuestros estudiantes en los s\u00f3lidos valores de la Fe, la Fraternidad, el compromiso, la justicia y el Servicio, que promueven el respeto, la disciplina y la superaci\u00f3n constante en toda nuestra comunidad. Para conectar [&hellip;]<\/p>\n","protected":false},"author":3,"featured_media":0,"parent":0,"menu_order":0,"comment_status":"closed","ping_status":"closed","template":"","meta":{"_et_pb_use_builder":"off","_et_pb_old_content":"<!-- wp:paragraph -->\n<p>En la <strong>Unidad Educativa Hermano Miguel La Salle Quito<\/strong>, nuestra misi\u00f3n trasciende la ense\u00f1anza acad\u00e9mica al fundamentar la formaci\u00f3n integral de nuestros estudiantes en los s\u00f3lidos valores de la <strong>Fe, la Fraternidad, el compromiso, la justicia y el Servicio<\/strong>, que promueven el respeto, la disciplina y la superaci\u00f3n constante en toda nuestra comunidad. <strong>Para conectar con esta rica tradici\u00f3n<\/strong> y mantener vivo el esp\u00edritu de nuestra identidad lasallista, i<strong>nvitamos a toda la familia Miguelina a explorar con nostalgia y orgullo las fotograf\u00edas y recuerdos que atesoramos,<\/strong> reviviendo la esencia de la historia que, d\u00eda a d\u00eda, continuamos escribiendo juntos bajo el legado de San Juan Bautista de La Salle.<\/p>\n<!-- \/wp:paragraph -->","_et_gb_content_width":"","footnotes":""},"class_list":["post-241","page","type-page","status-publish","hentry"],"_links":{"self":[{"href":"https:\/\/hermanomiguelquito.lasalleweb.ec\/index.php?rest_route=\/wp\/v2\/pages\/241","targetHints":{"allow":["GET"]}}],"collection":[{"href":"https:\/\/hermanomiguelquito.lasalleweb.ec\/index.php?rest_route=\/wp\/v2\/pages"}],"about":[{"href":"https:\/\/hermanomiguelquito.lasalleweb.ec\/index.php?rest_route=\/wp\/v2\/types\/page"}],"author":[{"embeddable":true,"href":"https:\/\/hermanomiguelquito.lasalleweb.ec\/index.php?rest_route=\/wp\/v2\/users\/3"}],"replies":[{"embeddable":true,"href":"https:\/\/hermanomiguelquito.lasalleweb.ec\/index.php?rest_route=%2Fwp%2Fv2%2Fcomments&post=241"}],"version-history":[{"count":6,"href":"https:\/\/hermanomiguelquito.lasalleweb.ec\/index.php?rest_route=\/wp\/v2\/pages\/241\/revisions"}],"predecessor-version":[{"id":896,"href":"https:\/\/hermanomiguelquito.lasalleweb.ec\/index.php?rest_route=\/wp\/v2\/pages\/241\/revisions\/896"}],"wp:attachment":[{"href":"https:\/\/hermanomiguelquito.lasalleweb.ec\/index.php?rest_route=%2Fwp%2Fv2%2Fmedia&parent=241"}],"curies":[{"name":"wp","href":"https:\/\/api.w.org\/{rel}","templated":true}]}}