{"id":169,"date":"2024-02-14T15:05:11","date_gmt":"2024-02-14T15:05:11","guid":{"rendered":"https:\/\/hermanomiguelquito.lasalleweb.ec\/?page_id=169"},"modified":"2024-11-19T15:00:32","modified_gmt":"2024-11-19T15:00:32","slug":"valores","status":"publish","type":"page","link":"https:\/\/hermanomiguelquito.lasalleweb.ec\/?page_id=169","title":{"rendered":"Valores"},"content":{"rendered":"<p>[et_pb_section fb_built=\u00bb1&#8243; admin_label=\u00bbHow It Works\u00bb _builder_version=\u00bb4.24.0&#8243; _module_preset=\u00bbdefault\u00bb background_enable_color=\u00bboff\u00bb collapsed=\u00bbon\u00bb global_colors_info=\u00bb{%22gcid-8ce98ce1-4460-49e4-9cd7-b148b47c216c%22:%91%22background_color%22%93}\u00bb][et_pb_row _builder_version=\u00bb4.23.1&#8243; _module_preset=\u00bbdefault\u00bb global_colors_info=\u00bb{}\u00bb][et_pb_column type=\u00bb4_4&#8243; _builder_version=\u00bb4.23.1&#8243; _module_preset=\u00bbdefault\u00bb global_colors_info=\u00bb{}\u00bb][et_pb_text _builder_version=\u00bb4.23.1&#8243; _module_preset=\u00bb3c4fc7ca-3c41-462c-876b-4438b79c6139&#8243; text_orientation=\u00bbcenter\u00bb global_colors_info=\u00bb{}\u00bb]<\/p>\n<h2>VALORES LASALLISTAS<\/h2>\n<p>[\/et_pb_text][\/et_pb_column][\/et_pb_row][et_pb_row column_structure=\u00bb1_3,1_3,1_3&#8243; _builder_version=\u00bb4.24.0&#8243; _module_preset=\u00bbdefault\u00bb animation_style=\u00bbslide\u00bb animation_direction=\u00bbright\u00bb global_colors_info=\u00bb{}\u00bb][et_pb_column type=\u00bb1_3&#8243; _builder_version=\u00bb4.23.1&#8243; _module_preset=\u00bbdefault\u00bb global_colors_info=\u00bb{}\u00bb][et_pb_blurb use_icon=\u00bbon\u00bb font_icon=\u00bb&#xf684;||fa||900&#8243; icon_color=\u00bb#44bd32&#8243; image_icon_background_color=\u00bbRGBA(255,255,255,0)\u00bb image_icon_width=\u00bb88px\u00bb content_max_width=\u00bb100%\u00bb _builder_version=\u00bb4.24.2&#8243; _module_preset=\u00bbdefault\u00bb header_font=\u00bbPoppins|700|||||||\u00bb header_font_size=\u00bb20px\u00bb header_line_height=\u00bb1.4em\u00bb body_line_height=\u00bb1.6em\u00bb image_icon_custom_padding=\u00bb8px|8px|8px|8px|true|true\u00bb text_orientation=\u00bbcenter\u00bb custom_margin=\u00bb||0px||false|false\u00bb animation=\u00bboff\u00bb header_font_size_tablet=\u00bb16px\u00bb header_font_size_phone=\u00bb14px\u00bb header_font_size_last_edited=\u00bbon|desktop\u00bb border_radii_image=\u00bbon|500px|500px|500px|500px\u00bb global_colors_info=\u00bb{}\u00bb][\/et_pb_blurb][et_pb_text _builder_version=\u00bb4.24.0&#8243; _module_preset=\u00bb68b7632c-ffed-4cd7-a48d-26a1ca9255cb\u00bb header_5_font=\u00bbManrope|800|||||||\u00bb header_5_font_size=\u00bb41px\u00bb text_orientation=\u00bbcenter\u00bb custom_margin=\u00bb||10px||false|false\u00bb global_colors_info=\u00bb{}\u00bb]<\/p>\n<h5>Fe<\/h5>\n<p>[\/et_pb_text][\/et_pb_column][et_pb_column type=\u00bb1_3&#8243; _builder_version=\u00bb4.23.1&#8243; _module_preset=\u00bbdefault\u00bb global_colors_info=\u00bb{}\u00bb][et_pb_blurb use_icon=\u00bbon\u00bb font_icon=\u00bb&#xf24e;||fa||900&#8243; icon_color=\u00bb#fbc531&#8243; image_icon_background_color=\u00bbRGBA(255,255,255,0)\u00bb image_icon_width=\u00bb88px\u00bb content_max_width=\u00bb100%\u00bb _builder_version=\u00bb4.24.2&#8243; _module_preset=\u00bbdefault\u00bb header_font=\u00bbPoppins|700|||||||\u00bb header_font_size=\u00bb20px\u00bb header_line_height=\u00bb1.4em\u00bb body_line_height=\u00bb1.6em\u00bb image_icon_custom_padding=\u00bb8px|8px|8px|8px|true|true\u00bb text_orientation=\u00bbcenter\u00bb custom_margin=\u00bb||0px||false|false\u00bb animation=\u00bboff\u00bb header_font_size_tablet=\u00bb16px\u00bb header_font_size_phone=\u00bb14px\u00bb header_font_size_last_edited=\u00bbon|desktop\u00bb border_radii_image=\u00bbon|500px|500px|500px|500px\u00bb global_colors_info=\u00bb{}\u00bb][\/et_pb_blurb][et_pb_text _builder_version=\u00bb4.24.0&#8243; _module_preset=\u00bb68b7632c-ffed-4cd7-a48d-26a1ca9255cb\u00bb header_5_font=\u00bbManrope|800|||||||\u00bb header_5_font_size=\u00bb41px\u00bb text_orientation=\u00bbcenter\u00bb custom_margin=\u00bb||10px||false|false\u00bb global_colors_info=\u00bb{}\u00bb]<\/p>\n<h5>Justicia<\/h5>\n<p>[\/et_pb_text][\/et_pb_column][et_pb_column type=\u00bb1_3&#8243; _builder_version=\u00bb4.23.1&#8243; _module_preset=\u00bbdefault\u00bb global_colors_info=\u00bb{}\u00bb][et_pb_blurb use_icon=\u00bbon\u00bb font_icon=\u00bb&#xf4bd;||fa||900&#8243; image_icon_background_color=\u00bbRGBA(255,255,255,0)\u00bb image_icon_width=\u00bb88px\u00bb content_max_width=\u00bb100%\u00bb _builder_version=\u00bb4.24.0&#8243; _module_preset=\u00bbdefault\u00bb header_font=\u00bbPoppins|700|||||||\u00bb header_font_size=\u00bb20px\u00bb header_line_height=\u00bb1.4em\u00bb body_line_height=\u00bb1.6em\u00bb image_icon_custom_padding=\u00bb8px|8px|8px|8px|true|true\u00bb text_orientation=\u00bbcenter\u00bb custom_margin=\u00bb||0px||false|false\u00bb animation=\u00bboff\u00bb header_font_size_tablet=\u00bb16px\u00bb header_font_size_phone=\u00bb14px\u00bb header_font_size_last_edited=\u00bbon|desktop\u00bb border_radii_image=\u00bbon|500px|500px|500px|500px\u00bb global_colors_info=\u00bb{}\u00bb][\/et_pb_blurb][et_pb_text _builder_version=\u00bb4.24.0&#8243; _module_preset=\u00bb68b7632c-ffed-4cd7-a48d-26a1ca9255cb\u00bb header_5_font=\u00bbManrope|800|||||||\u00bb header_5_font_size=\u00bb41px\u00bb text_orientation=\u00bbcenter\u00bb custom_margin=\u00bb||10px||false|false\u00bb global_colors_info=\u00bb{}\u00bb]<\/p>\n<h5>Servicio<\/h5>\n<p>[\/et_pb_text][\/et_pb_column][\/et_pb_row][et_pb_row column_structure=\u00bb1_2,1_2&#8243; _builder_version=\u00bb4.24.0&#8243; _module_preset=\u00bbdefault\u00bb animation_style=\u00bbslide\u00bb animation_direction=\u00bbleft\u00bb global_colors_info=\u00bb{}\u00bb][et_pb_column type=\u00bb1_2&#8243; _builder_version=\u00bb4.23.1&#8243; _module_preset=\u00bbdefault\u00bb global_colors_info=\u00bb{}\u00bb][et_pb_blurb use_icon=\u00bbon\u00bb font_icon=\u00bb&#xf004;||fa||900&#8243; icon_color=\u00bb#e84118&#8243; image_icon_background_color=\u00bbRGBA(255,255,255,0)\u00bb image_icon_width=\u00bb88px\u00bb content_max_width=\u00bb100%\u00bb _builder_version=\u00bb4.24.2&#8243; _module_preset=\u00bbdefault\u00bb header_font=\u00bbPoppins|700|||||||\u00bb header_font_size=\u00bb20px\u00bb header_line_height=\u00bb1.4em\u00bb body_line_height=\u00bb1.6em\u00bb image_icon_custom_padding=\u00bb8px|8px|8px|8px|true|true\u00bb text_orientation=\u00bbcenter\u00bb custom_margin=\u00bb||0px||false|false\u00bb animation=\u00bboff\u00bb header_font_size_tablet=\u00bb16px\u00bb header_font_size_phone=\u00bb14px\u00bb header_font_size_last_edited=\u00bbon|desktop\u00bb border_radii_image=\u00bbon|500px|500px|500px|500px\u00bb global_colors_info=\u00bb{}\u00bb][\/et_pb_blurb][et_pb_text _builder_version=\u00bb4.24.0&#8243; _module_preset=\u00bb68b7632c-ffed-4cd7-a48d-26a1ca9255cb\u00bb header_5_font=\u00bbManrope|800|||||||\u00bb header_5_font_size=\u00bb41px\u00bb text_orientation=\u00bbcenter\u00bb custom_margin=\u00bb||10px||false|false\u00bb global_colors_info=\u00bb{}\u00bb]<\/p>\n<h5>Compromiso<\/h5>\n<p>[\/et_pb_text][\/et_pb_column][et_pb_column type=\u00bb1_2&#8243; _builder_version=\u00bb4.23.1&#8243; _module_preset=\u00bbdefault\u00bb global_colors_info=\u00bb{}\u00bb][et_pb_blurb use_icon=\u00bbon\u00bb font_icon=\u00bb&#xf0c0;||fa||900&#8243; icon_color=\u00bb#8e44ad\u00bb image_icon_background_color=\u00bbRGBA(255,255,255,0)\u00bb image_icon_width=\u00bb88px\u00bb content_max_width=\u00bb100%\u00bb _builder_version=\u00bb4.24.2&#8243; _module_preset=\u00bbdefault\u00bb header_font=\u00bbPoppins|700|||||||\u00bb header_font_size=\u00bb20px\u00bb header_line_height=\u00bb1.4em\u00bb body_line_height=\u00bb1.6em\u00bb image_icon_custom_padding=\u00bb8px|8px|8px|8px|true|true\u00bb text_orientation=\u00bbcenter\u00bb custom_margin=\u00bb||0px||false|false\u00bb animation=\u00bboff\u00bb header_font_size_tablet=\u00bb16px\u00bb header_font_size_phone=\u00bb14px\u00bb header_font_size_last_edited=\u00bbon|desktop\u00bb border_radii_image=\u00bbon|500px|500px|500px|500px\u00bb global_colors_info=\u00bb{}\u00bb][\/et_pb_blurb][et_pb_text _builder_version=\u00bb4.24.0&#8243; _module_preset=\u00bb68b7632c-ffed-4cd7-a48d-26a1ca9255cb\u00bb header_5_font=\u00bbManrope|800|||||||\u00bb header_5_font_size=\u00bb41px\u00bb text_orientation=\u00bbcenter\u00bb custom_margin=\u00bb||10px||false|false\u00bb global_colors_info=\u00bb{}\u00bb]<\/p>\n<h5>Fraternidad<\/h5>\n<p>[\/et_pb_text][\/et_pb_column][\/et_pb_row][\/et_pb_section][et_pb_section fb_built=\u00bb1&#8243; admin_label=\u00bbPricing Table\u00bb _builder_version=\u00bb4.24.0&#8243; _module_preset=\u00bbdefault\u00bb background_enable_color=\u00bboff\u00bb locked=\u00bboff\u00bb collapsed=\u00bbon\u00bb global_colors_info=\u00bb{%22gcid-d214ab81-0383-475f-b48e-2c27b44bd017%22:%91%22background_color%22%93}\u00bb][et_pb_row column_structure=\u00bb1_2,1_2&#8243; _builder_version=\u00bb4.24.0&#8243; _module_preset=\u00bbdefault\u00bb global_colors_info=\u00bb{}\u00bb][et_pb_column type=\u00bb1_2&#8243; _builder_version=\u00bb4.24.0&#8243; _module_preset=\u00bbdefault\u00bb background_color=\u00bbgcid-dfe2e0c1-6f93-4563-8502-7952298bf493&#8243; custom_padding=\u00bb30px|30px|30px|30px|true|true\u00bb custom_padding_tablet=\u00bb30px|30px|30px|30px|false|false\u00bb custom_padding_phone=\u00bb20px|20px|20px|20px|true|true\u00bb custom_padding_last_edited=\u00bbon|desktop\u00bb animation_style=\u00bbfold\u00bb animation_direction=\u00bbbottom\u00bb border_radii=\u00bbon|20px|20px|20px|20px\u00bb global_colors_info=\u00bb{%22gcid-dfe2e0c1-6f93-4563-8502-7952298bf493%22:%91%22background_color%22%93}\u00bb][et_pb_text _builder_version=\u00bb4.24.0&#8243; _module_preset=\u00bb9d967453-f478-4180-80ec-5da06d79a4ec\u00bb header_2_text_color=\u00bb#FFFFFF\u00bb text_orientation=\u00bbcenter\u00bb custom_margin=\u00bb||0px||false|false\u00bb header_2_font_size_tablet=\u00bb72px\u00bb header_2_font_size_phone=\u00bb40px\u00bb locked=\u00bboff\u00bb global_colors_info=\u00bb{}\u00bb]<\/p>\n<h2>MISI\u00d3N<\/h2>\n<p>[\/et_pb_text][et_pb_text _builder_version=\u00bb4.24.0&#8243; _module_preset=\u00bbe2eb95a3-5767-4e6a-b5fd-3e0eb69d0dc0&#8243; text_text_color=\u00bb#FFFFFF\u00bb text_orientation=\u00bbjustified\u00bb custom_margin=\u00bb||10px||false|false\u00bb global_colors_info=\u00bb{}\u00bb custom_padding=\u00bb||24px|||\u00bb]<\/p>\n<p>La Unidad Educativa\u00a0 Hermano Miguel De La Salle de Quito, brinda a sus estudiantes una educaci\u00f3n humana y cristiana de calidad, inspirada en los principios Lasallistas, guiada por la normativa educativa ecuatoriana y la filosof\u00eda del Bachillerato Internacional, formando ciudadanos cr\u00edticos, indagadores, con sentido de liderazgo, conciencia ecol\u00f3gica y respetuosos de la iinterculturalidad.<br \/>\u200b<br \/><strong>MISION.-<\/strong> Educational Community Hermano Miguel De La Salle provides its students a quality human and Christian education, to train citizens with a sense of leadership and ecological charisma.<\/p>\n<p>[\/et_pb_text][\/et_pb_column][et_pb_column type=\u00bb1_2&#8243; _builder_version=\u00bb4.24.0&#8243; _module_preset=\u00bbdefault\u00bb background_color=\u00bbgcid-dfe2e0c1-6f93-4563-8502-7952298bf493&#8243; custom_padding=\u00bb30px|30px|30px|30px|true|true\u00bb custom_padding_tablet=\u00bb30px|30px|30px|30px|false|false\u00bb custom_padding_phone=\u00bb20px|20px|20px|20px|true|true\u00bb custom_padding_last_edited=\u00bbon|desktop\u00bb animation_style=\u00bbfold\u00bb animation_direction=\u00bbtop\u00bb border_radii=\u00bbon|20px|20px|20px|20px\u00bb global_colors_info=\u00bb{%22gcid-dfe2e0c1-6f93-4563-8502-7952298bf493%22:%91%22background_color%22%93}\u00bb][et_pb_text _builder_version=\u00bb4.24.0&#8243; _module_preset=\u00bb9d967453-f478-4180-80ec-5da06d79a4ec\u00bb header_2_text_color=\u00bb#FFFFFF\u00bb text_orientation=\u00bbcenter\u00bb custom_margin=\u00bb||0px||false|false\u00bb header_2_font_size_tablet=\u00bb72px\u00bb header_2_font_size_phone=\u00bb40px\u00bb locked=\u00bboff\u00bb global_colors_info=\u00bb{}\u00bb]<\/p>\n<h2>VISI\u00d3N<\/h2>\n<p>[\/et_pb_text][et_pb_text _builder_version=\u00bb4.24.0&#8243; _module_preset=\u00bbe2eb95a3-5767-4e6a-b5fd-3e0eb69d0dc0&#8243; text_text_color=\u00bb#FFFFFF\u00bb text_orientation=\u00bbjustified\u00bb custom_margin=\u00bb||10px||false|false\u00bb global_colors_info=\u00bb{}\u00bb]<\/p>\n<p>La Unidad Educativa Particular Hermano Miguel De La Salle de Quito, desarrollar\u00e1 en sus estudiantes, durante los pr\u00f3ximos cuatro a\u00f1os, competencias: afectivas, cognitivas, de desarrollo humano, de valores y conciencia ecol\u00f3gica; para alcanzar altos est\u00e1ndares de calidad educativa a nivel nacional e internacional.<\/p>\n<p><strong>VISION.-<\/strong> Hermano Miguel De La Salle de Cuenca school\u2019s vision is to develop in their students affective, cognitive, and human development competences, full of values and ecological awareness during the following four years to achieve high standards of educational quality locally and internationally.<\/p>\n<p>[\/et_pb_text][\/et_pb_column][\/et_pb_row][\/et_pb_section][et_pb_section fb_built=\u00bb1&#8243; admin_label=\u00bbTestimonials\u00bb _builder_version=\u00bb4.24.0&#8243; _module_preset=\u00bbdefault\u00bb background_enable_color=\u00bboff\u00bb locked=\u00bboff\u00bb collapsed=\u00bbon\u00bb global_colors_info=\u00bb{%22gcid-d214ab81-0383-475f-b48e-2c27b44bd017%22:%91%22background_color%22%93}\u00bb][et_pb_row _builder_version=\u00bb4.23.1&#8243; _module_preset=\u00bbdefault\u00bb global_colors_info=\u00bb{}\u00bb][et_pb_column type=\u00bb4_4&#8243; _builder_version=\u00bb4.23.1&#8243; _module_preset=\u00bbdefault\u00bb global_colors_info=\u00bb{}\u00bb][et_pb_text _builder_version=\u00bb4.23.1&#8243; _module_preset=\u00bb3c4fc7ca-3c41-462c-876b-4438b79c6139&#8243; text_orientation=\u00bbcenter\u00bb global_colors_info=\u00bb{}\u00bb]<\/p>\n<h2>ENFOQUE PEDAG\u00d3GICO &amp; FILOSOF\u00cdA EDUCATIVA LASALLISTA<\/h2>\n<p>[\/et_pb_text][\/et_pb_column][\/et_pb_row][et_pb_row _builder_version=\u00bb4.24.0&#8243; _module_preset=\u00bbdefault\u00bb background_color=\u00bb#FFFFFF\u00bb border_radii=\u00bbon|20px|20px|20px|20px\u00bb border_color_all=\u00bb#FFFFFF\u00bb global_colors_info=\u00bb{}\u00bb][et_pb_column type=\u00bb4_4&#8243; _builder_version=\u00bb4.23.1&#8243; _module_preset=\u00bbdefault\u00bb global_colors_info=\u00bb{}\u00bb][et_pb_text _builder_version=\u00bb4.24.0&#8243; _module_preset=\u00bbdefault\u00bb text_orientation=\u00bbcenter\u00bb link_option_url=\u00bbhttps:\/\/www.delasallecuenca.edu.ec\/_files\/ugd\/98d749_5f20434e8c7c4aef99e04ea929d9b754.pdf\u00bb global_colors_info=\u00bb{}\u00bb]<\/p>\n<p><a href=\"https:\/\/www.delasallecuenca.edu.ec\/_files\/ugd\/98d749_5f20434e8c7c4aef99e04ea929d9b754.pdf\"><img decoding=\"async\" src=\"https:\/\/static.wixstatic.com\/media\/40d80b8089c8418a961cb75d96d491f7.png\/v1\/fill\/w_104,h_140,al_c,q_85,usm_0.66_1.00_0.01,enc_auto\/40d80b8089c8418a961cb75d96d491f7.png\" alt=\"ENFOQUE PEDAG\u00d3GICO.pdf\" \/><\/a><\/p>\n<p>[\/et_pb_text][\/et_pb_column][\/et_pb_row][\/et_pb_section][et_pb_section fb_built=\u00bb1&#8243; admin_label=\u00bbFooter Links\u00bb _builder_version=\u00bb4.27.2&#8243; _module_preset=\u00bbdefault\u00bb background_color=\u00bbgcid-dfe2e0c1-6f93-4563-8502-7952298bf493&#8243; background_image=\u00bbhttps:\/\/hermanomiguelquito.lasalleweb.ec\/wp-content\/uploads\/2024\/11\/Historia-de-Instagram-Reel-Nuevo-Minimalista-Blanco-2.png\u00bb custom_padding=\u00bb0px||12px|||\u00bb global_module=\u00bb152&#8243; saved_tabs=\u00bball\u00bb locked=\u00bboff\u00bb collapsed=\u00bbon\u00bb global_colors_info=\u00bb{%22gcid-dfe2e0c1-6f93-4563-8502-7952298bf493%22:%91%22background_color%22%93}\u00bb][et_pb_row column_structure=\u00bb1_6,1_6,1_6,1_6,1_6,1_6&#8243; make_equal=\u00bbon\u00bb _builder_version=\u00bb4.27.2&#8243; _module_preset=\u00bbdefault\u00bb width=\u00bb100%\u00bb max_width=\u00bb1186px\u00bb custom_margin=\u00bb|125px|23px|124px||\u00bb custom_padding=\u00bb||0px|0px||\u00bb global_colors_info=\u00bb{}\u00bb][et_pb_column type=\u00bb1_6&#8243; _builder_version=\u00bb4.21.0&#8243; _module_preset=\u00bbdefault\u00bb global_colors_info=\u00bb{}\u00bb][et_pb_social_media_follow icon_color=\u00bb#E09900&#8243; disabled_on=\u00bboff|off|off\u00bb _builder_version=\u00bb4.27.2&#8243; _module_preset=\u00bbdefault\u00bb background_color=\u00bbRGBA(255,255,255,0)\u00bb custom_button=\u00bbon\u00bb button_text_color=\u00bb#FFFFFF\u00bb button_bg_color=\u00bb#bc6100&#8243; transform_scale=\u00bb156%|156%\u00bb transform_scale_tablet=\u00bb\u00bb transform_scale_phone=\u00bb\u00bb transform_scale_last_edited=\u00bbon|desktop\u00bb transform_translate=\u00bb83px|115px\u00bb transform_translate_tablet=\u00bb\u00bb transform_translate_phone=\u00bb\u00bb transform_translate_last_edited=\u00bbon|tablet\u00bb transform_rotate_tablet=\u00bb\u00bb transform_rotate_phone=\u00bb\u00bb transform_rotate_last_edited=\u00bbon|tablet\u00bb transform_skew_tablet=\u00bb\u00bb transform_skew_phone=\u00bb\u00bb transform_skew_last_edited=\u00bbon|tablet\u00bb transform_origin=\u00bb48%|72%\u00bb transform_origin_tablet=\u00bb\u00bb transform_origin_phone=\u00bb\u00bb transform_origin_last_edited=\u00bbon|tablet\u00bb transform_styles_last_edited=\u00bbon|desktop\u00bb text_orientation=\u00bbcenter\u00bb width=\u00bb0%\u00bb max_width=\u00bb1%\u00bb custom_margin=\u00bb|-50px||||\u00bb custom_padding=\u00bb|2px|116px|||\u00bb animation_style=\u00bbzoom\u00bb transform_styles_tablet=\u00bb\u00bb transform_styles_phone=\u00bb\u00bb border_radii=\u00bbon|2px|2px|2px|2px\u00bb border_color_top=\u00bbRGBA(255,255,255,0)\u00bb text_shadow_style=\u00bbpreset2&#8243; global_colors_info=\u00bb{}\u00bb z_index__hover_enabled=\u00bbon|desktop\u00bb][et_pb_social_media_follow_network social_network=\u00bbwhatsapp\u00bb url=\u00bbhttps:\/\/wa.me\/message\/RO6CAMPOQXCAG1&#8243; _builder_version=\u00bb4.27.2&#8243; _module_preset=\u00bbdefault\u00bb background_color=\u00bbRGBA(255,255,255,0)\u00bb background_enable_color=\u00bbon\u00bb global_colors_info=\u00bb{}\u00bb follow_button=\u00bboff\u00bb url_new_window=\u00bbon\u00bb]whatsapp[\/et_pb_social_media_follow_network][et_pb_social_media_follow_network social_network=\u00bbfacebook\u00bb url=\u00bbhttps:\/\/www.facebook.com\/hmls.quito\u00bb _builder_version=\u00bb4.27.2&#8243; _module_preset=\u00bbdefault\u00bb background_color=\u00bbRGBA(255,255,255,0)\u00bb background_enable_color=\u00bbon\u00bb global_colors_info=\u00bb{}\u00bb follow_button=\u00bboff\u00bb url_new_window=\u00bbon\u00bb]facebook[\/et_pb_social_media_follow_network][et_pb_social_media_follow_network social_network=\u00bbinstagram\u00bb url=\u00bbhttps:\/\/www.instagram.com\/hermanomiguellasalleuio\/\u00bb _builder_version=\u00bb4.27.2&#8243; _module_preset=\u00bbdefault\u00bb background_color=\u00bbRGBA(255,255,255,0)\u00bb background_enable_color=\u00bbon\u00bb global_colors_info=\u00bb{}\u00bb follow_button=\u00bboff\u00bb url_new_window=\u00bbon\u00bb]instagram[\/et_pb_social_media_follow_network][\/et_pb_social_media_follow][\/et_pb_column][et_pb_column type=\u00bb1_6&#8243; _builder_version=\u00bb4.21.0&#8243; _module_preset=\u00bbdefault\u00bb global_colors_info=\u00bb{}\u00bb][et_pb_text _builder_version=\u00bb4.24.0&#8243; _module_preset=\u00bb9e0f691a-51a6-4320-a4bb-7b8eaf0485ea\u00bb header_4_text_color=\u00bb#FFFFFF\u00bb header_4_font_size=\u00bb20px\u00bb custom_margin=\u00bb||20px||false|false\u00bb global_colors_info=\u00bb{}\u00bb][\/et_pb_text][et_pb_text _builder_version=\u00bb4.27.2&#8243; _module_preset=\u00bb9e0f691a-51a6-4320-a4bb-7b8eaf0485ea\u00bb header_4_text_color=\u00bb#FFFFFF\u00bb header_4_font_size=\u00bb20px\u00bb transform_scale=\u00bb154%|154%\u00bb transform_translate=\u00bb25px|66px\u00bb custom_margin=\u00bb||20px||false|false\u00bb global_colors_info=\u00bb{}\u00bb]<\/p>\n<h4>TEL\u00c9FONOS<\/h4>\n<p>[\/et_pb_text][et_pb_text _builder_version=\u00bb4.27.2&#8243; _module_preset=\u00bb9e13ac0a-9ab7-4711-b476-4f1256d1adc0&#8243; text_font=\u00bbNunito||||||||\u00bb text_text_color=\u00bb#FFFFFF\u00bb text_font_size=\u00bb7px\u00bb link_text_color=\u00bbgcid-4e1a4293-6847-4a8b-8670-1037625c3a21&#8243; transform_scale=\u00bb126%|126%\u00bb transform_translate=\u00bb13px|78px\u00bb custom_margin=\u00bb||12px||false|false\u00bb text_font_size_last_edited=\u00bboff|desktop\u00bb global_colors_info=\u00bb{%22gcid-4e1a4293-6847-4a8b-8670-1037625c3a21%22:%91%22link_text_color%22%93}\u00bb]<\/p>\n<p class=\"font_8 wixui-rich-text__text\"><span class=\"wixui-rich-text__text\">(02) 2583 360<\/span><\/p>\n<p class=\"font_8 wixui-rich-text__text\">096 200 0929<\/p>\n<p>[\/et_pb_text][et_pb_image src=\u00bbhttps:\/\/hermanomiguelquito.lasalleweb.ec\/wp-content\/uploads\/2024\/02\/98d749_9632f7fa33a944d2b8a17e215da118c3mv2.webp\u00bb title_text=\u00bb98d749_9632f7fa33a944d2b8a17e215da118c3~mv2&#8243; _builder_version=\u00bb4.27.2&#8243; _module_preset=\u00bbdefault\u00bb transform_translate=\u00bb-191px|-135px\u00bb custom_padding=\u00bb||2px|||\u00bb global_colors_info=\u00bb{}\u00bb][\/et_pb_image][\/et_pb_column][et_pb_column type=\u00bb1_6&#8243; _builder_version=\u00bb4.27.2&#8243; _module_preset=\u00bbdefault\u00bb global_colors_info=\u00bb{}\u00bb][\/et_pb_column][et_pb_column type=\u00bb1_6&#8243; _builder_version=\u00bb4.21.0&#8243; _module_preset=\u00bbdefault\u00bb global_colors_info=\u00bb{}\u00bb][et_pb_image src=\u00bbhttps:\/\/hermanomiguelquito.lasalleweb.ec\/wp-content\/uploads\/2024\/11\/Banner-Web-Comida-de-mascotas-azul.png\u00bb title_text=\u00bbBanner Web Comida de mascotas azul\u00bb _builder_version=\u00bb4.27.2&#8243; _module_preset=\u00bbdefault\u00bb transform_scale=\u00bb206%|160%\u00bb transform_scale_linked=\u00bboff\u00bb transform_translate=\u00bb-14px|10px\u00bb width=\u00bb200%\u00bb max_width=\u00bb100%\u00bb module_alignment=\u00bbleft\u00bb min_height=\u00bb100px\u00bb height=\u00bb100px\u00bb max_height=\u00bb1000px\u00bb custom_padding=\u00bb|0px|0px|||\u00bb animation_style=\u00bbbounce\u00bb global_colors_info=\u00bb{}\u00bb][\/et_pb_image][\/et_pb_column][et_pb_column type=\u00bb1_6&#8243; _builder_version=\u00bb4.21.0&#8243; _module_preset=\u00bbdefault\u00bb global_colors_info=\u00bb{}\u00bb][\/et_pb_column][et_pb_column type=\u00bb1_6&#8243; _builder_version=\u00bb4.27.2&#8243; _module_preset=\u00bbdefault\u00bb global_colors_info=\u00bb{}\u00bb][et_pb_image src=\u00bbhttps:\/\/hermanomiguelquito.lasalleweb.ec\/wp-content\/uploads\/2024\/02\/98d749_3632d509fb614ae5adc97769efeff12fmv2.webp\u00bb title_text=\u00bb98d749_3632d509fb614ae5adc97769efeff12f~mv2&#8243; _builder_version=\u00bb4.27.2&#8243; _module_preset=\u00bbdefault\u00bb transform_scale=\u00bb148%|148%\u00bb transform_translate=\u00bb-29px|26px\u00bb global_colors_info=\u00bb{}\u00bb][\/et_pb_image][et_pb_image src=\u00bbhttps:\/\/hermanomiguelquito.lasalleweb.ec\/wp-content\/uploads\/2024\/02\/98d749_30cc9847268e4bf7b5ab89098ba2d27dmv2.webp\u00bb title_text=\u00bb98d749_30cc9847268e4bf7b5ab89098ba2d27d~mv2&#8243; _builder_version=\u00bb4.27.2&#8243; _module_preset=\u00bbdefault\u00bb transform_scale=\u00bb52%|52%\u00bb transform_translate=\u00bb-37px|5px\u00bb custom_margin=\u00bb|||-23px||\u00bb custom_padding=\u00bb|0px|11px|||\u00bb global_colors_info=\u00bb{}\u00bb][\/et_pb_image][\/et_pb_column][\/et_pb_row][et_pb_row _builder_version=\u00bb4.24.0&#8243; _module_preset=\u00bbdefault\u00bb custom_padding=\u00bb0px||8px|||\u00bb global_colors_info=\u00bb{}\u00bb][et_pb_column type=\u00bb4_4&#8243; _builder_version=\u00bb4.24.0&#8243; _module_preset=\u00bbdefault\u00bb global_colors_info=\u00bb{}\u00bb][et_pb_text _builder_version=\u00bb4.27.2&#8243; _module_preset=\u00bbdefault\u00bb text_text_color=\u00bb#FFFFFF\u00bb text_orientation=\u00bbcenter\u00bb global_colors_info=\u00bb{}\u00bb]<\/p>\n<p><img decoding=\"async\" src=\"https:\/\/static.wixstatic.com\/media\/98d749_064d87306ec548a9880d4b52ee04a33d~mv2.webp\" \/><br \/>U.E. Hermano Miguel De La Salle &#8211; Derechos Reservados<\/p>\n<p>[\/et_pb_text][\/et_pb_column][\/et_pb_row][\/et_pb_section]<\/p>\n","protected":false},"excerpt":{"rendered":"<p>VALORES LASALLISTASFeJusticiaServicioCompromisoFraternidadMISI\u00d3NLa Unidad Educativa\u00a0 Hermano Miguel De La Salle de Quito, brinda a sus estudiantes una educaci\u00f3n humana y cristiana de calidad, inspirada en los principios Lasallistas, guiada por la normativa educativa ecuatoriana y la filosof\u00eda del Bachillerato Internacional, formando ciudadanos cr\u00edticos, indagadores, con sentido de liderazgo, conciencia ecol\u00f3gica y respetuosos de la iinterculturalidad.\u200bMISION.- Educational [&hellip;]<\/p>\n","protected":false},"author":3,"featured_media":0,"parent":0,"menu_order":0,"comment_status":"closed","ping_status":"closed","template":"","meta":{"_et_pb_use_builder":"on","_et_pb_old_content":"","_et_gb_content_width":"","footnotes":""},"class_list":["post-169","page","type-page","status-publish","hentry"],"_links":{"self":[{"href":"https:\/\/hermanomiguelquito.lasalleweb.ec\/index.php?rest_route=\/wp\/v2\/pages\/169","targetHints":{"allow":["GET"]}}],"collection":[{"href":"https:\/\/hermanomiguelquito.lasalleweb.ec\/index.php?rest_route=\/wp\/v2\/pages"}],"about":[{"href":"https:\/\/hermanomiguelquito.lasalleweb.ec\/index.php?rest_route=\/wp\/v2\/types\/page"}],"author":[{"embeddable":true,"href":"https:\/\/hermanomiguelquito.lasalleweb.ec\/index.php?rest_route=\/wp\/v2\/users\/3"}],"replies":[{"embeddable":true,"href":"https:\/\/hermanomiguelquito.lasalleweb.ec\/index.php?rest_route=%2Fwp%2Fv2%2Fcomments&post=169"}],"version-history":[{"count":14,"href":"https:\/\/hermanomiguelquito.lasalleweb.ec\/index.php?rest_route=\/wp\/v2\/pages\/169\/revisions"}],"predecessor-version":[{"id":857,"href":"https:\/\/hermanomiguelquito.lasalleweb.ec\/index.php?rest_route=\/wp\/v2\/pages\/169\/revisions\/857"}],"wp:attachment":[{"href":"https:\/\/hermanomiguelquito.lasalleweb.ec\/index.php?rest_route=%2Fwp%2Fv2%2Fmedia&parent=169"}],"curies":[{"name":"wp","href":"https:\/\/api.w.org\/{rel}","templated":true}]}}